{"id":8532,"date":"2021-11-25T23:54:07","date_gmt":"2021-11-25T20:54:07","guid":{"rendered":"http:\/\/new.onelife.com.tr\/?page_id=8532"},"modified":"2021-12-07T11:49:38","modified_gmt":"2021-12-07T08:49:38","slug":"urunlerimiz","status":"publish","type":"page","link":"https:\/\/onelife.com.tr\/ar\/urunlerimiz","title":{"rendered":"\u00dcr\u00fcnlerimiz"},"content":{"rendered":"<div data-elementor-type=\"wp-page\" data-elementor-id=\"8532\" class=\"elementor elementor-8532\">\n\t\t\t\t\t\t<section class=\"elementor-section elementor-top-section elementor-element elementor-element-5f73aa6 elementor-section-full_width elementor-section-height-default elementor-section-height-default wd-section-disabled\" data-id=\"5f73aa6\" data-element_type=\"section\" data-e-type=\"section\">\n\t\t\t\t\t\t<div class=\"elementor-container elementor-column-gap-default\">\n\t\t\t\t\t<div class=\"elementor-column elementor-col-33 elementor-top-column elementor-element elementor-element-13d431d\" data-id=\"13d431d\" data-element_type=\"column\" data-e-type=\"column\">\n\t\t\t<div class=\"elementor-widget-wrap elementor-element-populated\">\n\t\t\t\t\t\t<div class=\"elementor-element elementor-element-fae887c elementor-flip-box--effect-flip elementor-flip-box--direction-up elementor-widget elementor-widget-flip-box\" data-id=\"fae887c\" data-element_type=\"widget\" data-e-type=\"widget\" data-widget_type=\"flip-box.default\">\n\t\t\t\t<div class=\"elementor-widget-container\">\n\t\t\t\t\t\t\t<div class=\"elementor-flip-box\">\n\t\t\t<div class=\"elementor-flip-box__layer elementor-flip-box__front\">\n\t\t\t\t<div class=\"elementor-flip-box__layer__overlay\">\n\t\t\t\t\t<div class=\"elementor-flip-box__layer__inner\">\n\t\t\t\t\t\t\t\t\t\t\t\t\t<div class=\"elementor-icon-wrapper elementor-view-default\">\n\t\t\t\t\t\t\t\t<div class=\"elementor-icon\">\n\t\t\t\t\t\t\t\t\t\t\t\t\t\t\t\t\t<\/div>\n\t\t\t\t\t\t\t<\/div>\n\t\t\t\t\t\t\n\t\t\t\t\t\t\t\t\t\t\t\t\t<h3 class=\"elementor-flip-box__layer__title\">\n\t\t\t\t\t\t\t\t\u0643\u0639\u0643 \u0648\u0646 \u0644\u0627\u064a\u0641\t\t\t\t\t\t\t<\/h3>\n\t\t\t\t\t\t\n\t\t\t\t\t\t\t\t\t\t\t\t\t<div class=\"elementor-flip-box__layer__description\">\n\t\t\t\t\t\t\t\t\u0646\u0636\u0641\u064a \u0625\u0644\u064a\u0643 \u0627\u0644\u0641\u0631\u062d \u0628\u0627\u0644\u0643\u0639\u0643 \u0627\u0644\u0644\u0630\u064a\u0630 \u0648\u0627\u0644\u0645\u064f\u0644\u0648\u064e\u0651\u0646 \u0641\u064a \u0645\u0646\u0627\u0633\u0628\u0627\u062a\u0643 \u0627\u0644\u062e\u0627\u0635\u0629.\t\t\t\t\t\t\t<\/div>\n\t\t\t\t\t\t\t\t\t\t\t<\/div>\n\t\t\t\t<\/div>\n\t\t\t<\/div>\n\t\t\t<div class=\"elementor-flip-box__layer elementor-flip-box__back\">\n\t\t\t<div class=\"elementor-flip-box__layer__overlay\">\n\t\t\t\t<div class=\"elementor-flip-box__layer__inner\">\n\t\t\t\t\t\t\t\t\t\t\t<h3 class=\"elementor-flip-box__layer__title\">\n\t\t\t\t\t\t\t\u0643\u0639\u0643 \u0648\u0646 \u0644\u0627\u064a\u0641\t\t\t\t\t\t<\/h3>\n\t\t\t\t\t\n\t\t\t\t\t\n\t\t\t\t\t\t\t\t\t\t\t<a class=\"elementor-flip-box__button elementor-button elementor-size-sm\" href=\"https:\/\/onelife.com.tr\/ar\/urunlerimiz\/pasta\/\">\n\t\t\t\t\t\t\t\u0645\u0639\u0644\u0648\u0645\u0627\u062a \u0627\u0643\u062b\u0631\t\t\t\t\t\t<\/a>\n\t\t\t\t\t\t\t\t<\/div>\n\t\t<\/div>\n\t\t<\/div>\n\t\t<\/div>\n\t\t\t\t\t\t<\/div>\n\t\t\t\t<\/div>\n\t\t\t\t\t<\/div>\n\t\t<\/div>\n\t\t\t\t<div class=\"elementor-column elementor-col-33 elementor-top-column elementor-element elementor-element-d81d5e7\" data-id=\"d81d5e7\" data-element_type=\"column\" data-e-type=\"column\">\n\t\t\t<div class=\"elementor-widget-wrap elementor-element-populated\">\n\t\t\t\t\t\t<div class=\"elementor-element elementor-element-ca7552e elementor-flip-box--effect-flip elementor-flip-box--direction-up elementor-widget elementor-widget-flip-box\" data-id=\"ca7552e\" data-element_type=\"widget\" data-e-type=\"widget\" data-widget_type=\"flip-box.default\">\n\t\t\t\t<div class=\"elementor-widget-container\">\n\t\t\t\t\t\t\t<div class=\"elementor-flip-box\">\n\t\t\t<div class=\"elementor-flip-box__layer elementor-flip-box__front\">\n\t\t\t\t<div class=\"elementor-flip-box__layer__overlay\">\n\t\t\t\t\t<div class=\"elementor-flip-box__layer__inner\">\n\t\t\t\t\t\t\t\t\t\t\t\t\t<div class=\"elementor-icon-wrapper elementor-view-default\">\n\t\t\t\t\t\t\t\t<div class=\"elementor-icon\">\n\t\t\t\t\t\t\t\t\t\t\t\t\t\t\t\t\t<\/div>\n\t\t\t\t\t\t\t<\/div>\n\t\t\t\t\t\t\n\t\t\t\t\t\t\t\t\t\t\t\t\t<h3 class=\"elementor-flip-box__layer__title\">\n\t\t\t\t\t\t\t\t\u0628\u0642\u0644\u0627\u0648\u0629 \u062c\u0648\u0631\u0645\u064a\u0647 \u0648\u0646 \u0644\u0627\u064a\u0641\t\t\t\t\t\t\t<\/h3>\n\t\t\t\t\t\t\n\t\t\t\t\t\t\t\t\t\t\t\t\t<div class=\"elementor-flip-box__layer__description\">\n\t\t\t\t\t\t\t\t\u0644\u0642\u062f \u0627\u062e\u062a\u0631\u0646\u0627 \u0623\u0641\u0636\u0644 \u0623\u0646\u0648\u0627\u0639 \u0627\u0644\u0641\u0633\u062a\u0642 \u0627\u0644\u062d\u0644\u0628\u064a\u060c \u0648\u0627\u0644\u0632\u0628\u062f\u0629 \u0627\u0644\u0635\u0627\u0641\u064a\u0629\u060c \u0648\u062e\u0644\u064a\u0637 \u062f\u0642\u064a\u0642 \u0627\u0644\u0642\u0645\u062d \u0627\u0644\u062e\u0627\u0635\u060c \u0648\u0633\u0643\u0631 \u0627\u0644\u0628\u0646\u062c\u0631 \u0627\u0644\u0637\u0628\u064a\u0639\u064a\u060c \u0648\u0648\u0636\u0639\u0646\u0627\u0647\u0627 \u0628\u064a\u0646 \u0623\u064a\u0627\u062f\u064a \u0627\u0644\u0645\u062e\u062a\u064e\u0635\u0650\u0651\u064a\u0646 \u0627\u0644\u0645\u0627\u0647\u0631\u064a\u0646 \u0644\u062f\u064a\u0646\u0627.\t\t\t\t\t\t\t<\/div>\n\t\t\t\t\t\t\t\t\t\t\t<\/div>\n\t\t\t\t<\/div>\n\t\t\t<\/div>\n\t\t\t<div class=\"elementor-flip-box__layer elementor-flip-box__back\">\n\t\t\t<div class=\"elementor-flip-box__layer__overlay\">\n\t\t\t\t<div class=\"elementor-flip-box__layer__inner\">\n\t\t\t\t\t\t\t\t\t\t\t<h3 class=\"elementor-flip-box__layer__title\">\n\t\t\t\t\t\t\t\u0628\u0642\u0644\u0627\u0648\u0629 \u062c\u0648\u0631\u0645\u064a\u0647 \u0648\u0646 \u0644\u0627\u064a\u0641\t\t\t\t\t\t<\/h3>\n\t\t\t\t\t\n\t\t\t\t\t\n\t\t\t\t\t\t\t\t\t\t\t<a class=\"elementor-flip-box__button elementor-button elementor-size-sm\" href=\"https:\/\/onelife.com.tr\/ar\/urunlerimiz\/baklava\/\">\n\t\t\t\t\t\t\t\u0645\u0639\u0644\u0648\u0645\u0627\u062a \u0627\u0643\u062b\u0631\t\t\t\t\t\t<\/a>\n\t\t\t\t\t\t\t\t<\/div>\n\t\t<\/div>\n\t\t<\/div>\n\t\t<\/div>\n\t\t\t\t\t\t<\/div>\n\t\t\t\t<\/div>\n\t\t\t\t\t<\/div>\n\t\t<\/div>\n\t\t\t\t<div class=\"elementor-column elementor-col-33 elementor-top-column elementor-element elementor-element-37185d6\" data-id=\"37185d6\" data-element_type=\"column\" data-e-type=\"column\">\n\t\t\t<div class=\"elementor-widget-wrap elementor-element-populated\">\n\t\t\t\t\t\t<div class=\"elementor-element elementor-element-f05846c elementor-flip-box--effect-flip elementor-flip-box--direction-up elementor-widget elementor-widget-flip-box\" data-id=\"f05846c\" data-element_type=\"widget\" data-e-type=\"widget\" data-widget_type=\"flip-box.default\">\n\t\t\t\t<div class=\"elementor-widget-container\">\n\t\t\t\t\t\t\t<div class=\"elementor-flip-box\">\n\t\t\t<div class=\"elementor-flip-box__layer elementor-flip-box__front\">\n\t\t\t\t<div class=\"elementor-flip-box__layer__overlay\">\n\t\t\t\t\t<div class=\"elementor-flip-box__layer__inner\">\n\t\t\t\t\t\t\t\t\t\t\t\t\t<div class=\"elementor-icon-wrapper elementor-view-default\">\n\t\t\t\t\t\t\t\t<div class=\"elementor-icon\">\n\t\t\t\t\t\t\t\t\t\t\t\t\t\t\t\t\t<\/div>\n\t\t\t\t\t\t\t<\/div>\n\t\t\t\t\t\t\n\t\t\t\t\t\t\t\t\t\t\t\t\t<h3 class=\"elementor-flip-box__layer__title\">\n\t\t\t\t\t\t\t\t\u0645\u062e\u0628\u0648\u0632\u0627\u062a \u0648\u0646 \u0644\u0627\u064a\u0641\t\t\t\t\t\t\t<\/h3>\n\t\t\t\t\t\t\n\t\t\t\t\t\t\t\t\t\t\t\t\t<div class=\"elementor-flip-box__layer__description\">\n\t\t\t\t\t\t\t\t\u0646\u0633\u062a\u0639\u0645\u0644 \u0623\u0641\u0636\u0644 \u0627\u0644\u0645\u0648\u0627\u062f \u0627\u0644\u0623\u0648\u0644\u064a\u0629 \u0627\u0644\u0645\u064f\u0642\u062f\u064e\u0651\u0645\u0629 \u0645\u0646 \u0623\u0641\u0636\u0644 \u0627\u0644\u0645\u0648\u0631\u0650\u0651\u062f\u064a\u0646 \u0644\u0646\u0642\u062f\u0650\u0651\u0645 \u0627\u0644\u0645\u0630\u0627\u0642 \u0627\u0644\u0641\u0627\u062e\u0631 \u0628\u0627\u0644\u0645\u0638\u0647\u0631 \u0627\u0644\u062c\u0630\u064e\u0651\u0627\u0628 \u0648\u0627\u0644\u0637\u0639\u0645 \u0627\u0644\u0644\u0630\u064a\u0630.\t\t\t\t\t\t\t<\/div>\n\t\t\t\t\t\t\t\t\t\t\t<\/div>\n\t\t\t\t<\/div>\n\t\t\t<\/div>\n\t\t\t<div class=\"elementor-flip-box__layer elementor-flip-box__back\">\n\t\t\t<div class=\"elementor-flip-box__layer__overlay\">\n\t\t\t\t<div class=\"elementor-flip-box__layer__inner\">\n\t\t\t\t\t\t\t\t\t\t\t<h3 class=\"elementor-flip-box__layer__title\">\n\t\t\t\t\t\t\t\u0645\u062e\u0628\u0648\u0632\u0627\u062a \u0648\u0646 \u0644\u0627\u064a\u0641\t\t\t\t\t\t<\/h3>\n\t\t\t\t\t\n\t\t\t\t\t\n\t\t\t\t\t\t\t\t\t\t\t<a class=\"elementor-flip-box__button elementor-button elementor-size-sm\" href=\"https:\/\/onelife.com.tr\/ar\/urunlerimiz\/borek\/\">\n\t\t\t\t\t\t\t\u0645\u0639\u0644\u0648\u0645\u0627\u062a \u0627\u0643\u062b\u0631\t\t\t\t\t\t<\/a>\n\t\t\t\t\t\t\t\t<\/div>\n\t\t<\/div>\n\t\t<\/div>\n\t\t<\/div>\n\t\t\t\t\t\t<\/div>\n\t\t\t\t<\/div>\n\t\t\t\t\t<\/div>\n\t\t<\/div>\n\t\t\t\t\t<\/div>\n\t\t<\/section>\n\t\t\t\t<\/div>","protected":false},"excerpt":{"rendered":"<p>Onelife Cake Hayat\u0131n\u0131zdaki \u00f6zel anlarda birbirinden lezzetli ve reng\u00e2renk pastalarla sevincinizi tatland\u0131r\u0131yoruz. Onelife Cake Detal\u0131 Bilgi Onelife Gurme Baklava Antep<\/p>","protected":false},"author":1,"featured_media":0,"parent":0,"menu_order":0,"comment_status":"closed","ping_status":"closed","template":"","meta":{"footnotes":""},"class_list":["post-8532","page","type-page","status-publish","hentry"],"_links":{"self":[{"href":"https:\/\/onelife.com.tr\/ar\/wp-json\/wp\/v2\/pages\/8532","targetHints":{"allow":["GET"]}}],"collection":[{"href":"https:\/\/onelife.com.tr\/ar\/wp-json\/wp\/v2\/pages"}],"about":[{"href":"https:\/\/onelife.com.tr\/ar\/wp-json\/wp\/v2\/types\/page"}],"author":[{"embeddable":true,"href":"https:\/\/onelife.com.tr\/ar\/wp-json\/wp\/v2\/users\/1"}],"replies":[{"embeddable":true,"href":"https:\/\/onelife.com.tr\/ar\/wp-json\/wp\/v2\/comments?post=8532"}],"version-history":[{"count":0,"href":"https:\/\/onelife.com.tr\/ar\/wp-json\/wp\/v2\/pages\/8532\/revisions"}],"wp:attachment":[{"href":"https:\/\/onelife.com.tr\/ar\/wp-json\/wp\/v2\/media?parent=8532"}],"curies":[{"name":"wp","href":"https:\/\/api.w.org\/{rel}","templated":true}]}}