{"id":10018,"date":"2022-01-09T22:32:36","date_gmt":"2022-01-09T19:32:36","guid":{"rendered":"https:\/\/www.onelife.com.tr\/product\/gurme-rulo-borek-ispanakli"},"modified":"2022-01-09T22:32:39","modified_gmt":"2022-01-09T19:32:39","slug":"gurme-rulo-borek-ispanakli","status":"publish","type":"product","link":"https:\/\/onelife.com.tr\/de\/product\/gurme-rulo-borek-ispanakli","title":{"rendered":"Gourmet Rollen B\u00f6rek mit Spinat"},"content":{"rendered":"","protected":false},"excerpt":{"rendered":"<p>\u00dcr\u00fcn Gramaj &#8211; 100 gr<\/p>","protected":false},"featured_media":10411,"template":"","meta":[],"product_brand":[],"product_cat":[190],"product_tag":[],"class_list":{"0":"post-10018","1":"product","2":"type-product","3":"status-publish","4":"has-post-thumbnail","6":"product_cat-bakery","7":"pa_isitma-derecesi-220c","8":"pa_isitma-suresi-25-30-dk","9":"pa_koli-adet-agirlik-100-10-kg","10":"pa_marka-onelife","11":"pa_palet-ici-koli-63-koli","12":"pa_saklama-sekli-18-c","13":"pa_son-tuketim-tarihi-12-ay","15":"first","16":"instock","17":"product-type-simple"},"_links":{"self":[{"href":"https:\/\/onelife.com.tr\/de\/wp-json\/wp\/v2\/product\/10018","targetHints":{"allow":["GET"]}}],"collection":[{"href":"https:\/\/onelife.com.tr\/de\/wp-json\/wp\/v2\/product"}],"about":[{"href":"https:\/\/onelife.com.tr\/de\/wp-json\/wp\/v2\/types\/product"}],"version-history":[{"count":0,"href":"https:\/\/onelife.com.tr\/de\/wp-json\/wp\/v2\/product\/10018\/revisions"}],"wp:featuredmedia":[{"embeddable":true,"href":"https:\/\/onelife.com.tr\/de\/wp-json\/wp\/v2\/media\/10411"}],"wp:attachment":[{"href":"https:\/\/onelife.com.tr\/de\/wp-json\/wp\/v2\/media?parent=10018"}],"wp:term":[{"taxonomy":"product_brand","embeddable":true,"href":"https:\/\/onelife.com.tr\/de\/wp-json\/wp\/v2\/product_brand?post=10018"},{"taxonomy":"product_cat","embeddable":true,"href":"https:\/\/onelife.com.tr\/de\/wp-json\/wp\/v2\/product_cat?post=10018"},{"taxonomy":"product_tag","embeddable":true,"href":"https:\/\/onelife.com.tr\/de\/wp-json\/wp\/v2\/product_tag?post=10018"}],"curies":[{"name":"wp","href":"https:\/\/api.w.org\/{rel}","templated":true}]}}