{"id":10114,"date":"2022-01-09T22:32:49","date_gmt":"2022-01-09T19:32:49","guid":{"rendered":"https:\/\/www.onelife.com.tr\/product\/sade-pogaca"},"modified":"2022-01-09T22:32:53","modified_gmt":"2022-01-09T19:32:53","slug":"sade-pogaca","status":"publish","type":"product","link":"https:\/\/onelife.com.tr\/de\/product\/sade-pogaca","title":{"rendered":"Br\u00f6tchen ohne F\u00fcllung"},"content":{"rendered":"","protected":false},"excerpt":{"rendered":"<p>\u00dcr\u00fcn Gramaj &#8211; 320 gr<\/p>","protected":false},"featured_media":10469,"template":"","meta":[],"product_brand":[],"product_cat":[207],"product_tag":[],"class_list":{"0":"post-10114","1":"product","2":"type-product","3":"status-publish","4":"has-post-thumbnail","6":"product_cat-market-grubu","7":"pa_marka-onelife","9":"first","10":"instock","11":"product-type-simple"},"_links":{"self":[{"href":"https:\/\/onelife.com.tr\/de\/wp-json\/wp\/v2\/product\/10114","targetHints":{"allow":["GET"]}}],"collection":[{"href":"https:\/\/onelife.com.tr\/de\/wp-json\/wp\/v2\/product"}],"about":[{"href":"https:\/\/onelife.com.tr\/de\/wp-json\/wp\/v2\/types\/product"}],"version-history":[{"count":0,"href":"https:\/\/onelife.com.tr\/de\/wp-json\/wp\/v2\/product\/10114\/revisions"}],"wp:featuredmedia":[{"embeddable":true,"href":"https:\/\/onelife.com.tr\/de\/wp-json\/wp\/v2\/media\/10469"}],"wp:attachment":[{"href":"https:\/\/onelife.com.tr\/de\/wp-json\/wp\/v2\/media?parent=10114"}],"wp:term":[{"taxonomy":"product_brand","embeddable":true,"href":"https:\/\/onelife.com.tr\/de\/wp-json\/wp\/v2\/product_brand?post=10114"},{"taxonomy":"product_cat","embeddable":true,"href":"https:\/\/onelife.com.tr\/de\/wp-json\/wp\/v2\/product_cat?post=10114"},{"taxonomy":"product_tag","embeddable":true,"href":"https:\/\/onelife.com.tr\/de\/wp-json\/wp\/v2\/product_tag?post=10114"}],"curies":[{"name":"wp","href":"https:\/\/api.w.org\/{rel}","templated":true}]}}