{"id":9980,"date":"2022-01-09T22:32:28","date_gmt":"2022-01-09T19:32:28","guid":{"rendered":"https:\/\/www.onelife.com.tr\/product\/fistikli-baklava-plastik-kapta"},"modified":"2022-01-17T10:34:22","modified_gmt":"2022-01-17T07:34:22","slug":"fistikli-baklava-plastik-kapta","status":"publish","type":"product","link":"https:\/\/onelife.com.tr\/de\/product\/fistikli-baklava-plastik-kapta","title":{"rendered":"PISTAZIEN BAKLAVA"},"content":{"rendered":"","protected":false},"excerpt":{"rendered":"<p>Mit 40 Schichten und originelle Pistazien Antep Baklava<\/p>\n<p class=\" translation-block\">Mindesthaltbarkeitsdatum (MHD) : -18\u00b0C 1 Jahr<br>\nEmpfohlene Haltbarkeit : 5 Tage<br>\nAllergenwarnung:  Enth\u00e4lt Gluten, Milch, Ei, Pistazien.<br>\nZutaten:  Weizenmehl, Ei, Weizenst\u00e4rke, gekl\u00e4rtes \u00d6l, Zucker, Pistazien<\/p>","protected":false},"featured_media":10485,"template":"","meta":[],"product_brand":[],"product_cat":[162],"product_tag":[],"class_list":{"0":"post-9980","1":"product","2":"type-product","3":"status-publish","4":"has-post-thumbnail","6":"product_cat-baklava","7":"pa_ambalaj-boyutlari-18x24x54cm","8":"pa_ambalaj-brut-agirlik-605-gr-1-33-lbs","9":"pa_ambalaj-net-agirlik-480-gr-1-06-lbs-17-oz","10":"pa_ambalaj-turu-plastik-kapta","11":"pa_koli-boyut-26-5-x-56-5-x-25-cm","12":"pa_koli-brut-agirlik-78-kg-17-19-lbs","13":"pa_koli-ici-12-adet","14":"pa_koli-turu-karton-koli","15":"pa_m3-0-037","16":"pa_marka-onelife","17":"pa_palet-agirlik-295-kg-650-lbs","18":"pa_palet-boyut-100x120x165","19":"pa_palet-ici-koli-36-koli","20":"pa_palet-tipi-100x120","22":"first","23":"instock","24":"product-type-simple"},"_links":{"self":[{"href":"https:\/\/onelife.com.tr\/de\/wp-json\/wp\/v2\/product\/9980","targetHints":{"allow":["GET"]}}],"collection":[{"href":"https:\/\/onelife.com.tr\/de\/wp-json\/wp\/v2\/product"}],"about":[{"href":"https:\/\/onelife.com.tr\/de\/wp-json\/wp\/v2\/types\/product"}],"version-history":[{"count":1,"href":"https:\/\/onelife.com.tr\/de\/wp-json\/wp\/v2\/product\/9980\/revisions"}],"predecessor-version":[{"id":10579,"href":"https:\/\/onelife.com.tr\/de\/wp-json\/wp\/v2\/product\/9980\/revisions\/10579"}],"wp:featuredmedia":[{"embeddable":true,"href":"https:\/\/onelife.com.tr\/de\/wp-json\/wp\/v2\/media\/10485"}],"wp:attachment":[{"href":"https:\/\/onelife.com.tr\/de\/wp-json\/wp\/v2\/media?parent=9980"}],"wp:term":[{"taxonomy":"product_brand","embeddable":true,"href":"https:\/\/onelife.com.tr\/de\/wp-json\/wp\/v2\/product_brand?post=9980"},{"taxonomy":"product_cat","embeddable":true,"href":"https:\/\/onelife.com.tr\/de\/wp-json\/wp\/v2\/product_cat?post=9980"},{"taxonomy":"product_tag","embeddable":true,"href":"https:\/\/onelife.com.tr\/de\/wp-json\/wp\/v2\/product_tag?post=9980"}],"curies":[{"name":"wp","href":"https:\/\/api.w.org\/{rel}","templated":true}]}}